{"id":293,"date":"2021-05-02T00:15:20","date_gmt":"2021-05-01T22:15:20","guid":{"rendered":"https:\/\/mcontrol.bedesign.cz\/mcontrol\/?page_id=293"},"modified":"2021-05-02T00:49:57","modified_gmt":"2021-05-01T22:49:57","slug":"archiv","status":"publish","type":"page","link":"https:\/\/mcontrol.bedesign.cz\/mcontrol\/archiv\/","title":{"rendered":"Arch\u00edv"},"content":{"rendered":"\t\t<div data-elementor-type=\"wp-page\" data-elementor-id=\"293\" class=\"elementor elementor-293\">\n\t\t\t\t\t\t\t\t\t<section class=\"elementor-section elementor-top-section elementor-element elementor-element-32df891 elementor-section-boxed elementor-section-height-default elementor-section-height-default\" data-id=\"32df891\" data-element_type=\"section\">\n\t\t\t\t\t\t<div class=\"elementor-container elementor-column-gap-default\">\n\t\t\t\t\t<div class=\"elementor-column elementor-col-100 elementor-top-column elementor-element elementor-element-c1a007a\" data-id=\"c1a007a\" data-element_type=\"column\">\n\t\t\t<div class=\"elementor-widget-wrap elementor-element-populated\">\n\t\t\t\t\t\t\t\t<div class=\"elementor-element elementor-element-a621a3a elementor-grid-4 elementor-grid-tablet-2 elementor-grid-mobile-1 elementor-posts--thumbnail-top elementor-card-shadow-yes elementor-posts__hover-gradient elementor-widget elementor-widget-posts\" data-id=\"a621a3a\" data-element_type=\"widget\" data-settings=\"{&quot;cards_columns&quot;:&quot;4&quot;,&quot;pagination_type&quot;:&quot;numbers&quot;,&quot;cards_columns_tablet&quot;:&quot;2&quot;,&quot;cards_columns_mobile&quot;:&quot;1&quot;,&quot;cards_row_gap&quot;:{&quot;unit&quot;:&quot;px&quot;,&quot;size&quot;:35,&quot;sizes&quot;:[]},&quot;cards_row_gap_tablet&quot;:{&quot;unit&quot;:&quot;px&quot;,&quot;size&quot;:&quot;&quot;,&quot;sizes&quot;:[]},&quot;cards_row_gap_mobile&quot;:{&quot;unit&quot;:&quot;px&quot;,&quot;size&quot;:&quot;&quot;,&quot;sizes&quot;:[]}}\" data-widget_type=\"posts.cards\">\n\t\t\t\t<div class=\"elementor-widget-container\">\n\t\t\t\t\t<div class=\"elementor-posts-container elementor-posts elementor-posts--skin-cards elementor-grid\">\n\t\t\t\t<article class=\"elementor-post elementor-grid-item post-809 post type-post status-publish format-standard has-post-thumbnail hentry category-projekty\">\n\t\t\t<div class=\"elementor-post__card\">\n\t\t\t\t<a class=\"elementor-post__thumbnail__link\" href=\"https:\/\/mcontrol.bedesign.cz\/mcontrol\/montazni-prace\/\" ><div class=\"elementor-post__thumbnail\"><img loading=\"lazy\" decoding=\"async\" width=\"300\" height=\"225\" src=\"https:\/\/mcontrol.bedesign.cz\/mcontrol\/wp-content\/uploads\/2023\/07\/IMG_20210531_124736-2-300x225.jpg\" class=\"attachment-medium size-medium\" alt=\"\" srcset=\"https:\/\/mcontrol.bedesign.cz\/mcontrol\/wp-content\/uploads\/2023\/07\/IMG_20210531_124736-2-300x225.jpg 300w, https:\/\/mcontrol.bedesign.cz\/mcontrol\/wp-content\/uploads\/2023\/07\/IMG_20210531_124736-2-1024x768.jpg 1024w, https:\/\/mcontrol.bedesign.cz\/mcontrol\/wp-content\/uploads\/2023\/07\/IMG_20210531_124736-2-768x576.jpg 768w, https:\/\/mcontrol.bedesign.cz\/mcontrol\/wp-content\/uploads\/2023\/07\/IMG_20210531_124736-2-1536x1152.jpg 1536w, https:\/\/mcontrol.bedesign.cz\/mcontrol\/wp-content\/uploads\/2023\/07\/IMG_20210531_124736-2-2048x1536.jpg 2048w\" sizes=\"auto, (max-width: 300px) 100vw, 300px\" \/><\/div><\/a>\n\t\t\t\t<div class=\"elementor-post__badge\">Projekty<\/div>\n\t\t\t\t<div class=\"elementor-post__text\">\n\t\t\t\t<h3 class=\"elementor-post__title\">\n\t\t\t<a href=\"https:\/\/mcontrol.bedesign.cz\/mcontrol\/montazni-prace\/\" >\n\t\t\t\tMont\u00e1\u017en\u00ed pr\u00e1ce\t\t\t<\/a>\n\t\t<\/h3>\n\t\t\t\t<div class=\"elementor-post__excerpt\">\n\t\t\t<p>Ned\u00edlnou sou\u010d\u00e1st\u00ed na\u0161eho p\u016fsoben\u00ed jsou mont\u00e1\u017ee a instalace elektrick\u00fdch tras<\/p>\n\t\t<\/div>\n\t\t\n\t\t<a class=\"elementor-post__read-more\" href=\"https:\/\/mcontrol.bedesign.cz\/mcontrol\/montazni-prace\/\" >\n\t\t\tZobrazit p\u0159\u00edsp\u011bvek \u00bb\t\t<\/a>\n\n\t\t\t\t<\/div>\n\t\t\t\t<div class=\"elementor-post__meta-data\">\n\t\t\t\t\t<span class=\"elementor-post-date\">\n\t\t\t7. 7. 2023\t\t<\/span>\n\t\t\t\t<\/div>\n\t\t\t\t\t<\/div>\n\t\t<\/article>\n\t\t\t\t<article class=\"elementor-post elementor-grid-item post-484 post type-post status-publish format-standard has-post-thumbnail hentry category-projekty\">\n\t\t\t<div class=\"elementor-post__card\">\n\t\t\t\t<a class=\"elementor-post__thumbnail__link\" href=\"https:\/\/mcontrol.bedesign.cz\/mcontrol\/vyroba-rozvadecu\/\" ><div class=\"elementor-post__thumbnail\"><img loading=\"lazy\" decoding=\"async\" width=\"300\" height=\"225\" src=\"https:\/\/mcontrol.bedesign.cz\/mcontrol\/wp-content\/uploads\/2022\/08\/IMG_1654-300x225.jpg\" class=\"attachment-medium size-medium\" alt=\"\" srcset=\"https:\/\/mcontrol.bedesign.cz\/mcontrol\/wp-content\/uploads\/2022\/08\/IMG_1654-300x225.jpg 300w, https:\/\/mcontrol.bedesign.cz\/mcontrol\/wp-content\/uploads\/2022\/08\/IMG_1654-1024x768.jpg 1024w, https:\/\/mcontrol.bedesign.cz\/mcontrol\/wp-content\/uploads\/2022\/08\/IMG_1654-768x576.jpg 768w, https:\/\/mcontrol.bedesign.cz\/mcontrol\/wp-content\/uploads\/2022\/08\/IMG_1654-1536x1152.jpg 1536w, https:\/\/mcontrol.bedesign.cz\/mcontrol\/wp-content\/uploads\/2022\/08\/IMG_1654-2048x1536.jpg 2048w\" sizes=\"auto, (max-width: 300px) 100vw, 300px\" \/><\/div><\/a>\n\t\t\t\t<div class=\"elementor-post__badge\">Projekty<\/div>\n\t\t\t\t<div class=\"elementor-post__text\">\n\t\t\t\t<h3 class=\"elementor-post__title\">\n\t\t\t<a href=\"https:\/\/mcontrol.bedesign.cz\/mcontrol\/vyroba-rozvadecu\/\" >\n\t\t\t\tV\u00fdroba elektrick\u00fdch rozvad\u011b\u010d\u016f\t\t\t<\/a>\n\t\t<\/h3>\n\t\t\t\t<div class=\"elementor-post__excerpt\">\n\t\t\t<p>Na\u0161e spole\u010dnost se specializuje na v\u00fdrobu elektrick\u00fdch rozvad\u011b\u010d\u016f, a to<\/p>\n\t\t<\/div>\n\t\t\n\t\t<a class=\"elementor-post__read-more\" href=\"https:\/\/mcontrol.bedesign.cz\/mcontrol\/vyroba-rozvadecu\/\" >\n\t\t\tZobrazit p\u0159\u00edsp\u011bvek \u00bb\t\t<\/a>\n\n\t\t\t\t<\/div>\n\t\t\t\t<div class=\"elementor-post__meta-data\">\n\t\t\t\t\t<span class=\"elementor-post-date\">\n\t\t\t4. 2. 2023\t\t<\/span>\n\t\t\t\t<\/div>\n\t\t\t\t\t<\/div>\n\t\t<\/article>\n\t\t\t\t<article class=\"elementor-post elementor-grid-item post-682 post type-post status-publish format-standard has-post-thumbnail hentry category-projekty\">\n\t\t\t<div class=\"elementor-post__card\">\n\t\t\t\t<a class=\"elementor-post__thumbnail__link\" href=\"https:\/\/mcontrol.bedesign.cz\/mcontrol\/programovani-ridicich-systemu\/\" ><div class=\"elementor-post__thumbnail\"><img loading=\"lazy\" decoding=\"async\" width=\"300\" height=\"154\" src=\"https:\/\/mcontrol.bedesign.cz\/mcontrol\/wp-content\/uploads\/2023\/02\/Merbon-300x154.png\" class=\"attachment-medium size-medium\" alt=\"\" srcset=\"https:\/\/mcontrol.bedesign.cz\/mcontrol\/wp-content\/uploads\/2023\/02\/Merbon-300x154.png 300w, https:\/\/mcontrol.bedesign.cz\/mcontrol\/wp-content\/uploads\/2023\/02\/Merbon-1024x525.png 1024w, https:\/\/mcontrol.bedesign.cz\/mcontrol\/wp-content\/uploads\/2023\/02\/Merbon-768x393.png 768w, https:\/\/mcontrol.bedesign.cz\/mcontrol\/wp-content\/uploads\/2023\/02\/Merbon-1536x787.png 1536w, https:\/\/mcontrol.bedesign.cz\/mcontrol\/wp-content\/uploads\/2023\/02\/Merbon.png 1919w\" sizes=\"auto, (max-width: 300px) 100vw, 300px\" \/><\/div><\/a>\n\t\t\t\t<div class=\"elementor-post__badge\">Projekty<\/div>\n\t\t\t\t<div class=\"elementor-post__text\">\n\t\t\t\t<h3 class=\"elementor-post__title\">\n\t\t\t<a href=\"https:\/\/mcontrol.bedesign.cz\/mcontrol\/programovani-ridicich-systemu\/\" >\n\t\t\t\tProgramov\u00e1n\u00ed \u0159\u00eddic\u00edch syst\u00e9m\u016f\t\t\t<\/a>\n\t\t<\/h3>\n\t\t\t\t<div class=\"elementor-post__excerpt\">\n\t\t\t<p>Specializujeme se na tvorbu program\u016f pro \u0159\u00eddic\u00ed syst\u00e9my Domat a<\/p>\n\t\t<\/div>\n\t\t\n\t\t<a class=\"elementor-post__read-more\" href=\"https:\/\/mcontrol.bedesign.cz\/mcontrol\/programovani-ridicich-systemu\/\" >\n\t\t\tZobrazit p\u0159\u00edsp\u011bvek \u00bb\t\t<\/a>\n\n\t\t\t\t<\/div>\n\t\t\t\t<div class=\"elementor-post__meta-data\">\n\t\t\t\t\t<span class=\"elementor-post-date\">\n\t\t\t4. 2. 2023\t\t<\/span>\n\t\t\t\t<\/div>\n\t\t\t\t\t<\/div>\n\t\t<\/article>\n\t\t\t\t<article class=\"elementor-post elementor-grid-item post-696 post type-post status-publish format-standard has-post-thumbnail hentry category-projekty\">\n\t\t\t<div class=\"elementor-post__card\">\n\t\t\t\t<a class=\"elementor-post__thumbnail__link\" href=\"https:\/\/mcontrol.bedesign.cz\/mcontrol\/navrh-systemu-scada\/\" ><div class=\"elementor-post__thumbnail\"><img loading=\"lazy\" decoding=\"async\" width=\"300\" height=\"159\" src=\"https:\/\/mcontrol.bedesign.cz\/mcontrol\/wp-content\/uploads\/2023\/02\/SCADA-300x159.jpg\" class=\"attachment-medium size-medium\" alt=\"\" srcset=\"https:\/\/mcontrol.bedesign.cz\/mcontrol\/wp-content\/uploads\/2023\/02\/SCADA-300x159.jpg 300w, https:\/\/mcontrol.bedesign.cz\/mcontrol\/wp-content\/uploads\/2023\/02\/SCADA-1024x542.jpg 1024w, https:\/\/mcontrol.bedesign.cz\/mcontrol\/wp-content\/uploads\/2023\/02\/SCADA-768x407.jpg 768w, https:\/\/mcontrol.bedesign.cz\/mcontrol\/wp-content\/uploads\/2023\/02\/SCADA-1536x813.jpg 1536w, https:\/\/mcontrol.bedesign.cz\/mcontrol\/wp-content\/uploads\/2023\/02\/SCADA.jpg 2000w\" sizes=\"auto, (max-width: 300px) 100vw, 300px\" \/><\/div><\/a>\n\t\t\t\t<div class=\"elementor-post__badge\">Projekty<\/div>\n\t\t\t\t<div class=\"elementor-post__text\">\n\t\t\t\t<h3 class=\"elementor-post__title\">\n\t\t\t<a href=\"https:\/\/mcontrol.bedesign.cz\/mcontrol\/navrh-systemu-scada\/\" >\n\t\t\t\tN\u00e1vrh syst\u00e9mu SCADA\t\t\t<\/a>\n\t\t<\/h3>\n\t\t\t\t<div class=\"elementor-post__excerpt\">\n\t\t\t<p>Zab\u00fdv\u00e1me se tvorbou a implementac\u00ed SCADA syst\u00e9m\u016f za pomoc\u00ed v\u00fdvojov\u00fdch<\/p>\n\t\t<\/div>\n\t\t\n\t\t<a class=\"elementor-post__read-more\" href=\"https:\/\/mcontrol.bedesign.cz\/mcontrol\/navrh-systemu-scada\/\" >\n\t\t\tZobrazit p\u0159\u00edsp\u011bvek \u00bb\t\t<\/a>\n\n\t\t\t\t<\/div>\n\t\t\t\t<div class=\"elementor-post__meta-data\">\n\t\t\t\t\t<span class=\"elementor-post-date\">\n\t\t\t4. 2. 2023\t\t<\/span>\n\t\t\t\t<\/div>\n\t\t\t\t\t<\/div>\n\t\t<\/article>\n\t\t\t\t<article class=\"elementor-post elementor-grid-item post-662 post type-post status-publish format-standard has-post-thumbnail hentry category-projekty\">\n\t\t\t<div class=\"elementor-post__card\">\n\t\t\t\t<a class=\"elementor-post__thumbnail__link\" href=\"https:\/\/mcontrol.bedesign.cz\/mcontrol\/tvorba-kompletni-dokumentace-mereni-a-regulace\/\" ><div class=\"elementor-post__thumbnail\"><img loading=\"lazy\" decoding=\"async\" width=\"300\" height=\"162\" src=\"https:\/\/mcontrol.bedesign.cz\/mcontrol\/wp-content\/uploads\/2023\/02\/progecad-300x162.png\" class=\"attachment-medium size-medium\" alt=\"\" srcset=\"https:\/\/mcontrol.bedesign.cz\/mcontrol\/wp-content\/uploads\/2023\/02\/progecad-300x162.png 300w, https:\/\/mcontrol.bedesign.cz\/mcontrol\/wp-content\/uploads\/2023\/02\/progecad-1024x552.png 1024w, https:\/\/mcontrol.bedesign.cz\/mcontrol\/wp-content\/uploads\/2023\/02\/progecad-768x414.png 768w, https:\/\/mcontrol.bedesign.cz\/mcontrol\/wp-content\/uploads\/2023\/02\/progecad-1536x828.png 1536w, https:\/\/mcontrol.bedesign.cz\/mcontrol\/wp-content\/uploads\/2023\/02\/progecad.png 1917w\" sizes=\"auto, (max-width: 300px) 100vw, 300px\" \/><\/div><\/a>\n\t\t\t\t<div class=\"elementor-post__badge\">Projekty<\/div>\n\t\t\t\t<div class=\"elementor-post__text\">\n\t\t\t\t<h3 class=\"elementor-post__title\">\n\t\t\t<a href=\"https:\/\/mcontrol.bedesign.cz\/mcontrol\/tvorba-kompletni-dokumentace-mereni-a-regulace\/\" >\n\t\t\t\tTvorba elektro dokumentace MaR\t\t\t<\/a>\n\t\t<\/h3>\n\t\t\t\t<div class=\"elementor-post__excerpt\">\n\t\t\t<p>Tvo\u0159\u00edme kompletn\u00ed dokumentaci elektro profese m\u011b\u0159en\u00ed a regulace ve stupn\u00edch<\/p>\n\t\t<\/div>\n\t\t\n\t\t<a class=\"elementor-post__read-more\" href=\"https:\/\/mcontrol.bedesign.cz\/mcontrol\/tvorba-kompletni-dokumentace-mereni-a-regulace\/\" >\n\t\t\tZobrazit p\u0159\u00edsp\u011bvek \u00bb\t\t<\/a>\n\n\t\t\t\t<\/div>\n\t\t\t\t<div class=\"elementor-post__meta-data\">\n\t\t\t\t\t<span class=\"elementor-post-date\">\n\t\t\t4. 2. 2023\t\t<\/span>\n\t\t\t\t<\/div>\n\t\t\t\t\t<\/div>\n\t\t<\/article>\n\t\t\t\t<\/div>\n\n\n\t\t\n\t\t\t\t<\/div>\n\t\t\t\t<\/div>\n\t\t\t\t\t<\/div>\n\t\t<\/div>\n\t\t\t\t\t\t\t<\/div>\n\t\t<\/section>\n\t\t\t\t\t\t\t<\/div>\n\t\t","protected":false},"excerpt":{"rendered":"","protected":false},"author":1,"featured_media":0,"parent":0,"menu_order":0,"comment_status":"closed","ping_status":"closed","template":"","meta":{"footnotes":""},"class_list":["post-293","page","type-page","status-publish","hentry"],"_links":{"self":[{"href":"https:\/\/mcontrol.bedesign.cz\/mcontrol\/wp-json\/wp\/v2\/pages\/293","targetHints":{"allow":["GET"]}}],"collection":[{"href":"https:\/\/mcontrol.bedesign.cz\/mcontrol\/wp-json\/wp\/v2\/pages"}],"about":[{"href":"https:\/\/mcontrol.bedesign.cz\/mcontrol\/wp-json\/wp\/v2\/types\/page"}],"author":[{"embeddable":true,"href":"https:\/\/mcontrol.bedesign.cz\/mcontrol\/wp-json\/wp\/v2\/users\/1"}],"replies":[{"embeddable":true,"href":"https:\/\/mcontrol.bedesign.cz\/mcontrol\/wp-json\/wp\/v2\/comments?post=293"}],"version-history":[{"count":16,"href":"https:\/\/mcontrol.bedesign.cz\/mcontrol\/wp-json\/wp\/v2\/pages\/293\/revisions"}],"predecessor-version":[{"id":317,"href":"https:\/\/mcontrol.bedesign.cz\/mcontrol\/wp-json\/wp\/v2\/pages\/293\/revisions\/317"}],"wp:attachment":[{"href":"https:\/\/mcontrol.bedesign.cz\/mcontrol\/wp-json\/wp\/v2\/media?parent=293"}],"curies":[{"name":"wp","href":"https:\/\/api.w.org\/{rel}","templated":true}]}}